{"id":1514,"date":"2026-02-06T08:58:49","date_gmt":"2026-02-06T08:58:49","guid":{"rendered":"https:\/\/enjoybernabeumarket.com\/?page_id=1514"},"modified":"2026-03-03T13:36:42","modified_gmt":"2026-03-03T13:36:42","slug":"politica-de-cookies","status":"publish","type":"page","link":"https:\/\/enjoybernabeumarket.com\/en\/politica-de-cookies\/","title":{"rendered":"Cookie Policy"},"content":{"rendered":"<div data-elementor-type=\"wp-page\" data-elementor-id=\"1514\" class=\"elementor elementor-1514\" data-elementor-post-type=\"page\">\n\t\t\t\t<div class=\"elementor-element elementor-element-7842ddd e-con-full e-flex e-con e-parent\" data-id=\"7842ddd\" data-element_type=\"container\" data-settings=\"{&quot;background_background&quot;:&quot;classic&quot;}\">\n\t\t\t\t<div class=\"elementor-element elementor-element-2a8a81d elementor-widget elementor-widget-heading\" data-id=\"2a8a81d\" data-element_type=\"widget\" data-widget_type=\"heading.default\">\n\t\t\t\t\t<h2 class=\"elementor-heading-title elementor-size-default\">COOKIES POLICY<\/h2>\t\t\t\t<\/div>\n\t\t\t\t<\/div>\n\t\t<div class=\"elementor-element elementor-element-a23eee1 e-flex e-con-boxed e-con e-parent\" data-id=\"a23eee1\" data-element_type=\"container\" data-settings=\"{&quot;background_background&quot;:&quot;classic&quot;}\">\n\t\t\t\t\t<div class=\"e-con-inner\">\n\t\t\t\t<div class=\"elementor-element elementor-element-1c09b3e elementor-widget elementor-widget-spacer\" data-id=\"1c09b3e\" data-element_type=\"widget\" data-widget_type=\"spacer.default\">\n\t\t\t\t\t\t\t<div class=\"elementor-spacer\">\n\t\t\t<div class=\"elementor-spacer-inner\"><\/div>\n\t\t<\/div>\n\t\t\t\t\t\t<\/div>\n\t\t\t\t\t<\/div>\n\t\t\t\t<\/div>\n\t\t<div class=\"elementor-element elementor-element-d4458aa e-flex e-con-boxed e-con e-parent\" data-id=\"d4458aa\" data-element_type=\"container\" data-settings=\"{&quot;background_background&quot;:&quot;classic&quot;}\">\n\t\t\t\t\t<div class=\"e-con-inner\">\n\t\t\t\t<div class=\"elementor-element elementor-element-6388de3 elementor-widget elementor-widget-spacer\" data-id=\"6388de3\" data-element_type=\"widget\" data-widget_type=\"spacer.default\">\n\t\t\t\t\t\t\t<div class=\"elementor-spacer\">\n\t\t\t<div class=\"elementor-spacer-inner\"><\/div>\n\t\t<\/div>\n\t\t\t\t\t\t<\/div>\n\t\t\t\t<div class=\"elementor-element elementor-element-b1d4b84 elementor-widget elementor-widget-heading\" data-id=\"b1d4b84\" data-element_type=\"widget\" data-widget_type=\"heading.default\">\n\t\t\t\t\t<h2 class=\"elementor-heading-title elementor-size-default\">COOKIES POLICY<\/h2>\t\t\t\t<\/div>\n\t\t\t\t<div class=\"elementor-element elementor-element-8f56b94 elementor-widget elementor-widget-spacer\" data-id=\"8f56b94\" data-element_type=\"widget\" data-widget_type=\"spacer.default\">\n\t\t\t\t\t\t\t<div class=\"elementor-spacer\">\n\t\t\t<div class=\"elementor-spacer-inner\"><\/div>\n\t\t<\/div>\n\t\t\t\t\t\t<\/div>\n\t\t\t\t<div class=\"elementor-element elementor-element-34f32e2 elementor-widget elementor-widget-text-editor\" data-id=\"34f32e2\" data-element_type=\"widget\" data-widget_type=\"text-editor.default\">\n\t\t\t\t\t\t\t\t\t<p>This website, <a href=\"http:\/\/bernabeumarket.com,\">https:\/\/bernabeumarket.com,<\/a> uses hosting providers and public servers in order to provide advertising content that the user views on our pages. These servers use cookies that allow them to adapt the advertising content to the demographic profiles of users. In no case are personal data obtained through these cookies.<\/p><p>RESTANIMA, S.L.U. informs its users that regardless of the personal data it obtains from users who contract its services, RESTANIMA, S.L.U. obtains and keeps the following information:<\/p><ul><li>Number of visitors.<\/li><li>Domain name of the provider that gives them access to the network.<\/li><li>Date and time of access to the WEB Site.<\/li><li>Internet address from which the link directs the user to our WEBSITE.<\/li><\/ul><p><a href=\"https:\/\/bernabeumarket.com\" target=\"_blank\" rel=\"noopener\">https:\/\/bernabeumarket.com<\/a> informs users, through this notice, that it uses cookies when browsing its different screens and pages. A cookie is a very small text file that a web server can save on your hard drive to store some kind of information about the user. The cookie uniquely identifies the equipment (computer), and can only be read by the website that sent it to the equipment. Normally websites use cookies to obtain statistical information about their web pages.<\/p><p>A cookie is not an executable file, cannot propagate or contain a virus and cannot be longer than 4,000 characters.<\/p><p><a href=\"https:\/\/bernabeumarket.com\" target=\"_blank\" rel=\"noopener\">https:\/\/bernabeumarket.com<\/a> uses cookies for the sole purpose of compiling statistics on the use of the site. The information that <a href=\"https:\/\/bernabeumarket.com\" target=\"_blank\" rel=\"noopener\">https:\/\/bernabeumarket.com<\/a> stored on your computer by means of this mechanism consists solely of a number that identifies your computer and that will allow you to be recognised on your next visits; it does not contain personal data or financial or health information. http:\/\/bernabeumarket.com may use cookies in order to recognise users who have registered and to be able to offer them a better and more personalised service. They may also be used to obtain information about the date and time of the user's last visit, to measure some traffic parameters within the WEBsite itself and to estimate the number of visits made, so that RESTANIMA, S.L.U. can focus and adjust the services and promotions more effectively.<\/p><p>The user can configure his browser to accept, or not, the cookies he receives or for the browser to warn him when a server wants to save a cookie:<\/p><ul><li>Chrome <a href=\"https:\/\/www.google.es\/intl\/es\/policies\/technologies\/managing\/\" target=\"_blank\" rel=\"noopener\">https:\/\/www.google.es\/intl\/es\/policies\/technologies\/managing\/<\/a><\/li><li>Explorer http:\/\/windows.microsoft.com\/es-es\/windows7\/how-to-manage-cookies-in-internet explorer-9<\/li><li>Firefox <a href=\"http:\/\/support.mozilla.org\/es\/kb\/habilitar-y-deshabilitar-cookies-que-los-sitios-we\" target=\"_blank\" rel=\"noopener\">http:\/\/support.mozilla.org\/es\/kb\/habilitar-y-deshabilitar-cookies-que-los-sitios-we<\/a><\/li><li>Safari <a href=\"http:\/\/support.apple.com\/kb\/ph5042\" target=\"_blank\" rel=\"noopener\">http:\/\/support.apple.com\/kb\/ph5042<\/a><\/li><li>Opera <a href=\"http:\/\/www.opera.com\/help\/tutorials\/security\/privacy\/\" target=\"_blank\" rel=\"noopener\">http:\/\/www.opera.com\/help\/tutorials\/security\/privacy\/<\/a><\/li><\/ul><p>RESTANIMA, S.L.U. le agradece que acepte la aceptaci\u00f3n de cookies ya que esto nos ayuda a obtener datos m\u00e1s precisos que nos permiten mejorar el contenido y el dise\u00f1o de nuestra p\u00e1gina WEB para adaptarlo a sus preferencias y necesidades. Esta p\u00e1gina WEB utiliza Google Analytics, un servicio anal\u00edtico de WEB prestado por Google, Inc., una compa\u00f1a de Delaware cuya oficina principal est\u00e1 en 1600 Amphitheatre Parkway, Mountain View (California), CA 94043, Estados Unidos (\u00abGoogle\u00bb). Google Analytics utiliza \u00abcookies\u00bb, que son archivos de texto ubicados en su ordenador, para ayudar al WEBsite a analizar el uso que hacen los usuarios del sitio WEB. La informaci\u00f3n que genera la cookie acerca de su uso del WEBsite (incluyendo su direcci\u00f3n IP) ser\u00e1 directamente transmitida y archivada por Google en los servidores de Estados Unidos.<\/p><p>Google will use this information on our behalf for the purpose of tracking your use of the WEBsite, compiling reports on WEBsite activity and providing other services relating to WEBsite activity and internet usage. Google may also transfer this information to third parties where required to do so by law, or where such third parties process the information on Google's behalf. Google will not associate your IP address with any other data held by Google. You may refuse the use of cookies by selecting the appropriate settings on your browser, however please note that if you do this you may not be able to use the full functionality of this website. By using this WEBsite you consent to the processing of data about you by Google in the manner and for the purposes set out above.<\/p>\t\t\t\t\t\t\t\t<\/div>\n\t\t\t\t<div class=\"elementor-element elementor-element-4d30199 elementor-widget elementor-widget-spacer\" data-id=\"4d30199\" data-element_type=\"widget\" data-widget_type=\"spacer.default\">\n\t\t\t\t\t\t\t<div class=\"elementor-spacer\">\n\t\t\t<div class=\"elementor-spacer-inner\"><\/div>\n\t\t<\/div>\n\t\t\t\t\t\t<\/div>\n\t\t\t\t\t<\/div>\n\t\t\t\t<\/div>\n\t\t<div class=\"elementor-element elementor-element-43e80ba e-flex e-con-boxed e-con e-parent\" data-id=\"43e80ba\" data-element_type=\"container\">\n\t\t\t\t\t<div class=\"e-con-inner\">\n\t\t\t\t<div class=\"elementor-element elementor-element-2b4876f elementor-widget elementor-widget-spacer\" data-id=\"2b4876f\" data-element_type=\"widget\" data-widget_type=\"spacer.default\">\n\t\t\t\t\t\t\t<div class=\"elementor-spacer\">\n\t\t\t<div class=\"elementor-spacer-inner\"><\/div>\n\t\t<\/div>\n\t\t\t\t\t\t<\/div>\n\t\t\t\t\t<\/div>\n\t\t\t\t<\/div>\n\t\t\t\t<\/div>","protected":false},"excerpt":{"rendered":"<p>POL\u00cdTICA DE COOKIES POL\u00cdTICA DE COOKIES Esta web, https:\/\/bernabeumarket.com, utiliza proveedor de hosting y servidores p\u00fablicos con el fin de facilitar contenidos publicitarios que el usuario visualiza en nuestras p\u00e1ginas. Dichos servidores utilizan cookies que le permiten adaptar los contenidos publicitarios a los perfiles demogr\u00e1ficos de los usuarios. En ning\u00fan caso se obtienen datos personales [&hellip;]<\/p>\n","protected":false},"author":1,"featured_media":0,"parent":0,"menu_order":0,"comment_status":"closed","ping_status":"closed","template":"","meta":{"_acf_changed":false,"footnotes":""},"class_list":["post-1514","page","type-page","status-publish","hentry"],"acf":[],"_links":{"self":[{"href":"https:\/\/enjoybernabeumarket.com\/en\/wp-json\/wp\/v2\/pages\/1514","targetHints":{"allow":["GET"]}}],"collection":[{"href":"https:\/\/enjoybernabeumarket.com\/en\/wp-json\/wp\/v2\/pages"}],"about":[{"href":"https:\/\/enjoybernabeumarket.com\/en\/wp-json\/wp\/v2\/types\/page"}],"author":[{"embeddable":true,"href":"https:\/\/enjoybernabeumarket.com\/en\/wp-json\/wp\/v2\/users\/1"}],"replies":[{"embeddable":true,"href":"https:\/\/enjoybernabeumarket.com\/en\/wp-json\/wp\/v2\/comments?post=1514"}],"version-history":[{"count":19,"href":"https:\/\/enjoybernabeumarket.com\/en\/wp-json\/wp\/v2\/pages\/1514\/revisions"}],"predecessor-version":[{"id":2239,"href":"https:\/\/enjoybernabeumarket.com\/en\/wp-json\/wp\/v2\/pages\/1514\/revisions\/2239"}],"wp:attachment":[{"href":"https:\/\/enjoybernabeumarket.com\/en\/wp-json\/wp\/v2\/media?parent=1514"}],"curies":[{"name":"wp","href":"https:\/\/api.w.org\/{rel}","templated":true}]}}