{"id":2240,"date":"2026-03-03T16:15:33","date_gmt":"2026-03-03T16:15:33","guid":{"rendered":"https:\/\/enjoybernabeumarket.com\/?page_id=2240"},"modified":"2026-03-03T16:23:00","modified_gmt":"2026-03-03T16:23:00","slug":"aviso-legal","status":"publish","type":"page","link":"https:\/\/enjoybernabeumarket.com\/en\/aviso-legal\/","title":{"rendered":"Legal Notice"},"content":{"rendered":"<div data-elementor-type=\"wp-page\" data-elementor-id=\"2240\" class=\"elementor elementor-2240\" data-elementor-post-type=\"page\">\n\t\t\t\t<div class=\"elementor-element elementor-element-7842ddd e-con-full e-flex e-con e-parent\" data-id=\"7842ddd\" data-element_type=\"container\" data-settings=\"{&quot;background_background&quot;:&quot;classic&quot;}\">\n\t\t\t\t<div class=\"elementor-element elementor-element-2a8a81d elementor-widget elementor-widget-heading\" data-id=\"2a8a81d\" data-element_type=\"widget\" data-widget_type=\"heading.default\">\n\t\t\t\t\t<h2 class=\"elementor-heading-title elementor-size-default\">LEGAL NOTICE<\/h2>\t\t\t\t<\/div>\n\t\t\t\t<\/div>\n\t\t<div class=\"elementor-element elementor-element-a23eee1 e-flex e-con-boxed e-con e-parent\" data-id=\"a23eee1\" data-element_type=\"container\" data-settings=\"{&quot;background_background&quot;:&quot;classic&quot;}\">\n\t\t\t\t\t<div class=\"e-con-inner\">\n\t\t\t\t<div class=\"elementor-element elementor-element-1c09b3e elementor-widget elementor-widget-spacer\" data-id=\"1c09b3e\" data-element_type=\"widget\" data-widget_type=\"spacer.default\">\n\t\t\t\t\t\t\t<div class=\"elementor-spacer\">\n\t\t\t<div class=\"elementor-spacer-inner\"><\/div>\n\t\t<\/div>\n\t\t\t\t\t\t<\/div>\n\t\t\t\t\t<\/div>\n\t\t\t\t<\/div>\n\t\t<div class=\"elementor-element elementor-element-d4458aa e-flex e-con-boxed e-con e-parent\" data-id=\"d4458aa\" data-element_type=\"container\" data-settings=\"{&quot;background_background&quot;:&quot;classic&quot;}\">\n\t\t\t\t\t<div class=\"e-con-inner\">\n\t\t\t\t<div class=\"elementor-element elementor-element-6388de3 elementor-widget elementor-widget-spacer\" data-id=\"6388de3\" data-element_type=\"widget\" data-widget_type=\"spacer.default\">\n\t\t\t\t\t\t\t<div class=\"elementor-spacer\">\n\t\t\t<div class=\"elementor-spacer-inner\"><\/div>\n\t\t<\/div>\n\t\t\t\t\t\t<\/div>\n\t\t\t\t<div class=\"elementor-element elementor-element-b1d4b84 elementor-widget elementor-widget-heading\" data-id=\"b1d4b84\" data-element_type=\"widget\" data-widget_type=\"heading.default\">\n\t\t\t\t\t<h2 class=\"elementor-heading-title elementor-size-default\">LEGAL NOTICE<\/h2>\t\t\t\t<\/div>\n\t\t\t\t<div class=\"elementor-element elementor-element-8f56b94 elementor-widget elementor-widget-spacer\" data-id=\"8f56b94\" data-element_type=\"widget\" data-widget_type=\"spacer.default\">\n\t\t\t\t\t\t\t<div class=\"elementor-spacer\">\n\t\t\t<div class=\"elementor-spacer-inner\"><\/div>\n\t\t<\/div>\n\t\t\t\t\t\t<\/div>\n\t\t\t\t<div class=\"elementor-element elementor-element-34f32e2 elementor-widget elementor-widget-text-editor\" data-id=\"34f32e2\" data-element_type=\"widget\" data-widget_type=\"text-editor.default\">\n\t\t\t\t\t\t\t\t\t<p>In accordance with the provisions of art.10 of Law 34 \/2002, of 11 July, on Information Society Services (LSSI), the following details identifying the service provider are stated:<\/p><ul><li><strong>Company name:<\/strong> RESTANIMA, S.L.U.<\/li><li><strong>Trade name:<\/strong> BERNABEU MARKET<\/li><li><strong>Registered office:<\/strong> CALLE JOS\u00c9 ABASCAL, 59 PLANTA 3 PUERTA D 28003 MADRID NIF: B70206313<\/li><li><strong>E-mail:<\/strong> <a href=\"mailto:derechosrgpd@bernabeumarket.com\">derechosrgpd@bernabeumarket.com<\/a><\/li><li><strong>Domain name:<\/strong> <a href=\"https:\/\/bernabeumarket.com\" target=\"_blank\" rel=\"noopener\">http:\/\/bernabeumarket.com <\/a><\/li><\/ul><h4>INDUSTRIAL AND INTELLECTUAL PROPERTY<\/h4><p>All the contents of this WEBsite, including contents, trademarks, graphics, logos, icons, buttons, images and software, are the property of RESTANIMA, S.L.U. or its content providers and are protected by national and international industrial and intellectual property laws. The selection, compilation, arrangement, programming, design and assembly of all the content of the WEBsite is the exclusive property of RESTANIMA, S.L.U. Any other use of the content or photographs of the WEBsite, including the reproduction, modification, distribution, transmission, subsequent publication, exhibition or total or partial representation thereof without the express consent of RESTANIMA, S.L.U. or its suppliers is strictly prohibited. APPLICABLE LEGISLATION: Law 7\/1998, of 13 April, on General Contracting Conditions, Law 3\/2014, of 27 March, which amends the revised text of the General Law for the Defence of Consumers and Users and other complementary laws, approved by Royal Legislative Decree 1\/2007, of 16 November, Personal Data Protection Regulation EU 679\/2016 of 27 April 2016, and Law 34\/2002 of 11 July, on Information Society Services and Electronic Commerce. JURISDICTION: In the event of a dispute between RESTANIMA, S.L.U. and the User, the courts of the consumer's domicile shall have jurisdiction.<\/p>\t\t\t\t\t\t\t\t<\/div>\n\t\t\t\t<div class=\"elementor-element elementor-element-4d30199 elementor-widget elementor-widget-spacer\" data-id=\"4d30199\" data-element_type=\"widget\" data-widget_type=\"spacer.default\">\n\t\t\t\t\t\t\t<div class=\"elementor-spacer\">\n\t\t\t<div class=\"elementor-spacer-inner\"><\/div>\n\t\t<\/div>\n\t\t\t\t\t\t<\/div>\n\t\t\t\t\t<\/div>\n\t\t\t\t<\/div>\n\t\t<div class=\"elementor-element elementor-element-43e80ba e-flex e-con-boxed e-con e-parent\" data-id=\"43e80ba\" data-element_type=\"container\">\n\t\t\t\t\t<div class=\"e-con-inner\">\n\t\t\t\t<div class=\"elementor-element elementor-element-2b4876f elementor-widget elementor-widget-spacer\" data-id=\"2b4876f\" data-element_type=\"widget\" data-widget_type=\"spacer.default\">\n\t\t\t\t\t\t\t<div class=\"elementor-spacer\">\n\t\t\t<div class=\"elementor-spacer-inner\"><\/div>\n\t\t<\/div>\n\t\t\t\t\t\t<\/div>\n\t\t\t\t\t<\/div>\n\t\t\t\t<\/div>\n\t\t\t\t<\/div>","protected":false},"excerpt":{"rendered":"<p>AVISO LEGAL AVISO LEGAL De acuerdo con lo dispuesto en el art.10 de la Ley 34 \/2002, de 11 de julio, de Servicios de la Sociedad de la Informaci\u00f3n (LSSI), se hacen constar los siguientes datos identificativos del prestador del servicio: Denominaci\u00f3n social: RESTANIMA, S.L.U. Nombre comercial: BERNABEU MARKET Domicilio social: CALLE JOS\u00c9 ABASCAL, 59 [&hellip;]<\/p>\n","protected":false},"author":1,"featured_media":0,"parent":0,"menu_order":0,"comment_status":"closed","ping_status":"closed","template":"","meta":{"_acf_changed":false,"footnotes":""},"class_list":["post-2240","page","type-page","status-publish","hentry"],"acf":[],"_links":{"self":[{"href":"https:\/\/enjoybernabeumarket.com\/en\/wp-json\/wp\/v2\/pages\/2240","targetHints":{"allow":["GET"]}}],"collection":[{"href":"https:\/\/enjoybernabeumarket.com\/en\/wp-json\/wp\/v2\/pages"}],"about":[{"href":"https:\/\/enjoybernabeumarket.com\/en\/wp-json\/wp\/v2\/types\/page"}],"author":[{"embeddable":true,"href":"https:\/\/enjoybernabeumarket.com\/en\/wp-json\/wp\/v2\/users\/1"}],"replies":[{"embeddable":true,"href":"https:\/\/enjoybernabeumarket.com\/en\/wp-json\/wp\/v2\/comments?post=2240"}],"version-history":[{"count":4,"href":"https:\/\/enjoybernabeumarket.com\/en\/wp-json\/wp\/v2\/pages\/2240\/revisions"}],"predecessor-version":[{"id":2244,"href":"https:\/\/enjoybernabeumarket.com\/en\/wp-json\/wp\/v2\/pages\/2240\/revisions\/2244"}],"wp:attachment":[{"href":"https:\/\/enjoybernabeumarket.com\/en\/wp-json\/wp\/v2\/media?parent=2240"}],"curies":[{"name":"wp","href":"https:\/\/api.w.org\/{rel}","templated":true}]}}